{"id":25,"date":"2025-07-15T18:40:45","date_gmt":"2025-07-15T18:40:45","guid":{"rendered":"https:\/\/abecon.sk\/?page_id=25"},"modified":"2025-10-30T08:47:56","modified_gmt":"2025-10-30T08:47:56","slug":"domov","status":"publish","type":"page","link":"https:\/\/abecon.sk\/","title":{"rendered":"Domov"},"content":{"rendered":"<section class=\"bde-section-25-100 bde-section\">\n  \n  \n\t\n\n\n\n<div class=\"section-container\"><div class=\"bde-fancy-divider-25-445 bde-fancy-divider\">\n\n\n<div class=\"bde-fancy-divider__wrapper\">\n  <div class=\"bde-fancy-divider__separator   \">\n  \t  <\/div>\n<\/div>\n\n<\/div><div class=\"bde-div-25-621 bde-div\" data-entrance=\"slideDown\">\n  \n  \n\t\n\n\n\n<div class=\"bde-div-25-434 bde-div\">\n  \n  \n\t\n\n\n\n<h1 class=\"bde-heading-25-432 bde-heading\">\nSpo\u013eahliv\u00fd partner<br>pre firmy v mzdovom<br>\u00fa\u010dtovn\u00edctve a personalistike\n<\/h1><div class=\"bde-text-25-433 bde-text\">\nSk\u00fasenosti, na ktor\u00e9 sa firmy spoliehaj\u00fa<br><strong>u\u017e viac ako 25 rokov.<\/strong>\n<\/div>\n<\/div><img decoding=\"async\" class=\"bde-image2-25-620 bde-image2\" src=\"https:\/\/abecon.sk\/wp-content\/uploads\/2025\/10\/hero.svg\" loading=\"lazy\">\n<\/div><\/div>\n<\/section><section id=\"sluzby\" class=\"bde-section-25-310 bde-section\">\n  \n  \n\t\n\n\n\n<div class=\"section-container\"><div class=\"bde-columns-25-366 bde-columns\"><div class=\"bde-column-25-367 bde-column\" data-entrance=\"slideDown\">\n  \n  \n\t\n\n\n\n<h2 class=\"bde-dual-heading-25-583 bde-dual-heading\">\n\n\n            <span data-style=\"primary\" class=\"dual-heading--primary  \">Na\u0161e slu\u017eby<\/span>\n\n\n\n<\/h2>\n<\/div><\/div><div class=\"bde-div-25-634 bde-div\">\n  \n  \n\t\n\n\n\n<div class=\"bde-div-25-622 bde-div\">\n  \n  \n\t\n\n\n\n<div class=\"bde-columns-25-623 bde-columns\"><div class=\"bde-column-25-624 bde-column\">\n  \n  \n\t\n\n\n\n<div class=\"bde-icon-box-25-626 bde-icon-box\">\n\n    \n            <div class=\"ee-iconbox-icon breakdance-icon-atom\" >\n    \n                    <svg width=\"90\" height=\"89\" viewBox=\"0 0 90 89\" fill=\"none\" xmlns=\"http:\/\/www.w3.org\/2000\/svg\">\r\n<path d=\"M66.41 9.9H87.06C88.04 9.9 89.18 11.34 89.27 12.28C89.57 15.68 89.0399 19.54 89.2599 22.98C89.2599 23.79 87.9 25.19 87.15 25.19H66.41V50.75C69.89 50.7 73.34 51.39 76.4 53.04C86.03 58.23 89.35 70.65 83.42 79.95C76.66 90.56 61.61 91.79 53.23 82.42C36.85 82.22 20.4 82.39 4 82.34C1.96 82.25 0.26 80.72 0 78.69L0.0699463 18.73C5.97995 12.43 12.34 6.52 18.4 0.35L18.95 0H62.77C64.33 0.05 66.42 2 66.42 3.55V9.89L66.41 9.9ZM63.62 9.9V3.83C63.62 3.52 62.9 2.8 62.59 2.8H20.79V19.58C20.79 20.02 20.01 20.79 19.58 20.79H2.79999V78.61C2.79999 78.84 3.56996 79.55 3.82996 79.55H12.06V33.61C12.06 33.45 12.26 32.91 12.37 32.75C12.61 32.42 13.04 32.22 13.45 32.21H53.77C54.19 32.1 55.0699 32.8 55.0699 33.16V55.34L57.24 53.77C59.19 52.55 61.36 51.69 63.62 51.2V25.19H35.95L26.92 18.57C26.22 17.69 26.49 16.92 27.28 16.25C29.82 14.09 32.9899 12.29 35.5699 10.15C35.6899 10.08 36.0299 9.9 36.1299 9.9H63.62ZM4.76996 18H17.86L17.99 17.87V4.78L4.75995 18.01L4.76996 18ZM76.22 12.69H37.79V16.2H76.08L76.21 16.07V12.7L76.22 12.69ZM86.48 12.69H79.0099V22.41H86.48V12.69ZM35 14.13L30.3199 17.59L35 21.06V14.13ZM76.22 18.99H37.79V22.41H76.22V18.99ZM52.19 35.01H14.93V79.38H49.9L51.02 79.56C46.91 73.09 47.49 64.37 52.19 58.37V35.02V35.01ZM67.2 53.58C53.67 53.98 46.4099 69.63 55.0699 80.14C62.0099 88.56 75.31 87.69 81.17 78.52C87.93 67.95 80.58 54.02 68.16 53.55L67.2 53.58Z\" fill=\"#1E1E1E\"\/>\r\n<path d=\"M20.4002 39.6302L46.3901 39.6002C47.1601 39.5802 47.8302 40.0502 47.9602 40.8202L47.9202 50.5902C47.7402 51.0502 47.3402 51.4302 46.8402 51.4902L20.1502 51.4502C19.7002 51.2602 19.2702 50.8902 19.2502 50.3702C19.4702 47.3102 18.9502 43.8302 19.2502 40.8302C19.3102 40.1702 19.7402 39.7302 20.4002 39.6402V39.6302ZM45.1702 42.3902H22.0402V48.6902H45.1702V42.3902Z\" fill=\"#1E1E1E\"\/>\r\n<path d=\"M69.1401 77.6199C67.5101 77.6199 66.1101 77.1699 64.9201 76.2599C63.7301 75.3499 62.9201 74.0999 62.4801 72.4999H60.8301V70.5699H62.1401C62.1301 70.3099 62.1201 70.0499 62.1201 69.7799C62.1201 69.5199 62.1201 69.2699 62.1401 69.0099H60.8301V67.0599H62.4801C62.9201 65.4599 63.7401 64.1999 64.9201 63.2799C66.1001 62.3599 67.5101 61.8999 69.1401 61.8999C69.6701 61.8999 70.1201 61.9199 70.4901 61.9599C70.8601 61.9999 71.2101 62.0599 71.5501 62.1399C71.8801 62.2199 72.2501 62.3199 72.6501 62.4499V64.9799C72.1101 64.7799 71.5901 64.6199 71.1101 64.4999C70.6201 64.3799 70.0001 64.3199 69.2501 64.3199C68.2801 64.3199 67.4501 64.5599 66.7501 65.0399C66.0601 65.5199 65.5301 66.1899 65.1801 67.0599H71.0301V69.0099H64.7501C64.7201 69.2699 64.7101 69.5199 64.7101 69.7799C64.7101 70.0499 64.7201 70.3199 64.7501 70.5699H71.0301V72.4999H65.2001C65.5401 73.3599 66.0601 74.0199 66.7601 74.4999C67.4601 74.9799 68.2901 75.2199 69.2401 75.2199C70.0001 75.2199 70.6201 75.1599 71.1001 75.0299C71.5801 74.8999 72.1001 74.7399 72.6401 74.5599V77.0699C72.2401 77.1799 71.8701 77.2799 71.5401 77.3699C71.2001 77.4599 70.8501 77.5199 70.4801 77.5599C70.1101 77.5999 69.6601 77.6199 69.1301 77.6199H69.1401Z\" fill=\"#1E1E1E\"\/>\r\n<path d=\"M35 55.0801V57.8301L34.87 57.9601H32.21V55.0801H35Z\" fill=\"#1E1E1E\"\/>\r\n<path d=\"M22.3203 57.9601V55.0801H24.9703L25.1104 55.2201V57.8301L24.9703 57.9601H22.3203Z\" fill=\"#1E1E1E\"\/>\r\n<path d=\"M44.9003 55.0801V57.9601H42.2504L42.1104 57.8301V55.2201L42.2504 55.0801H44.9003Z\" fill=\"#1E1E1E\"\/>\r\n<path d=\"M25.1104 63.6299H22.3203V66.4199H25.1104V63.6299Z\" fill=\"#1E1E1E\"\/>\r\n<path d=\"M35 63.6299H32.21V66.4199H35V63.6299Z\" fill=\"#1E1E1E\"\/>\r\n<path d=\"M44.9003 63.6299H42.1104V66.4199H44.9003V63.6299Z\" fill=\"#1E1E1E\"\/>\r\n<path d=\"M25.1104 72.1802H22.3203V74.9702H25.1104V72.1802Z\" fill=\"#1E1E1E\"\/>\r\n<path d=\"M35 72.1802H32.21V74.9702H35V72.1802Z\" fill=\"#1E1E1E\"\/>\r\n<path d=\"M44.9003 72.1802H42.1104V74.9702H44.9003V72.1802Z\" fill=\"#1E1E1E\"\/>\r\n<\/svg>\n        \n        \n        \n            <\/div>\n    \n\n<div class=\"ee-iconbox-content\">\n      <p class=\"ee-iconbox-title bde-h3\" >Mzdov\u00e9 \u00fa\u010dtovn\u00edctvo<\/p>\n      <\/div>\n\n<\/div>\n<\/div><div class=\"bde-column-25-625 bde-column\">\n  \n  \n\t\n\n\n\n<ul class=\"bde-basic-list-25-627 bde-basic-list\">\n  <li  >    \n          Kompletn\u00e9 spracovanie miezd pre v\u0161etky \u2028typy pracovnopr\u00e1vnych pomerov\n      <\/li>\n  <li  >    \n          V\u00fdpo\u010det odvodov poistn\u00e9ho, dan\u00ed, \u2028pr\u00edplatkov, n\u00e1hrad a bonusov\n      <\/li>\n  <li  >    \n          Elektronick\u00e1 komunik\u00e1cia so Soci\u00e1lnou \u2028pois\u0165ov\u0148ou, Zdravotn\u00fdmi pois\u0165ov\u0148ami <br>\u2028a Finan\u010dnou spr\u00e1vou\n      <\/li>\n  <li  >    \n          V\u00fdstupy pre \u00fa\u010dtovn\u00edctvo \u2028a mana\u017ement, reporting\n      <\/li>\n  <li  >    \n          Ro\u010dn\u00e9 z\u00fa\u010dtovanie dane \u2028a mzdov\u00e1 uz\u00e1vierka\n      <\/li>\n<\/ul>\n<\/div><\/div>\n<\/div><div class=\"bde-div-25-628 bde-div\">\n  \n  \n\t\n\n\n\n<div class=\"bde-columns-25-629 bde-columns\"><div class=\"bde-column-25-630 bde-column\">\n  \n  \n\t\n\n\n\n<div class=\"bde-icon-box-25-631 bde-icon-box\">\n\n    \n            <div class=\"ee-iconbox-icon breakdance-icon-atom\" >\n    \n                    <svg width=\"90\" height=\"90\" viewBox=\"0 0 90 90\" fill=\"none\" xmlns=\"http:\/\/www.w3.org\/2000\/svg\">\r\n<path d=\"M0.885721 89.3543C0.365721 88.9643 -0.0542786 88.5943 0.0057214 87.8843L0.145721 30.5943C0.615721 29.7043 1.08572 29.8543 1.84572 29.8543H14.8457V2.71434C14.8457 1.55434 16.4657 -0.0956606 17.7157 0.00433945H53.8457C54.3957 0.0743394 55.1757 0.354339 55.5957 0.704339C55.8057 0.884339 56.5557 2.04434 56.5557 2.19434V7.25434L56.8157 7.51434H61.8757C61.9557 7.51434 63.0357 8.15434 63.1857 8.29434C63.3857 8.48434 64.0557 9.66434 64.0557 9.86434V14.8343H68.6757C70.1157 14.8343 71.4257 16.3643 71.5057 17.7543L71.5557 29.8343H75.3057C76.0457 29.8343 77.4857 31.6043 77.4857 32.3643V44.6643H86.9957C87.8057 44.6643 89.1057 46.1843 89.3557 46.9343V48.3343L75.5257 86.9443C75.1457 88.1243 74.3957 88.8143 73.2957 89.3443H0.885721V89.3543ZM53.5757 2.97434H17.8057V44.6843H22.3457V9.86434C22.3457 9.68434 22.9357 8.57434 23.1257 8.37434C23.2857 8.20434 24.4357 7.51434 24.5257 7.51434H53.5757V2.97434ZM61.0857 10.4843H25.3157V44.6843H29.8557V17.0243C29.8557 16.2743 31.7957 14.8443 32.5557 14.8443H61.0857V10.4843ZM68.5857 44.6843L68.3257 17.8143H32.8157V44.6843H42.0657C37.1757 40.2643 35.6957 33.4543 39.0057 27.5843C43.8557 18.9943 56.3157 18.6043 61.7857 26.7943C65.6857 32.6343 64.3557 40.1643 59.1657 44.6843H68.5857ZM57.9457 41.5443C64.2257 35.9943 60.3557 24.7243 52.0957 23.9243C41.9657 22.9443 36.3057 34.3243 43.2857 41.5443C43.6257 39.6243 44.7157 38.0543 46.2457 36.9043C42.0257 32.0443 47.0057 24.7843 53.0557 27.3243C56.8657 28.9243 57.6657 33.8943 55.0057 36.9243C56.5057 38.0843 57.8657 39.5343 57.9457 41.5443ZM49.8657 29.8943C45.9057 30.6243 47.8157 37.2543 51.8357 35.5243C54.9057 34.2043 53.8057 29.1643 49.8657 29.8943ZM14.8457 32.8143H3.67572L8.41572 45.8743L14.5457 44.9943L14.8357 44.7643V32.8143H14.8457ZM74.5257 32.8143H71.5557V44.6843H74.5257V32.8143ZM46.2757 43.7843C49.1157 44.9343 52.1757 45.0343 54.9857 43.7243C56.3157 37.1943 45.0757 36.8743 46.2757 43.7843ZM2.97572 39.9743V79.0643L14.1457 48.1843C11.3657 48.0343 7.24572 50.5043 5.68572 47.1343L2.97572 39.9843V39.9743ZM86.3857 47.6443H17.5457L3.67572 86.3843H72.6057L86.3957 47.6443H86.3857Z\" fill=\"#1E1E1E\"\/>\r\n<path d=\"M35.8064 62.3346C35.9564 63.6746 35.0964 66.6846 36.9264 67.0146L58.5164 66.9846C60.1564 66.6146 59.3064 63.6646 59.5264 62.4246C53.2164 60.6246 53.9464 51.2246 60.4964 50.6446C67.7564 50.0046 69.5264 60.3946 62.5664 62.4846C62.5464 65.6646 62.8064 69.0146 59.0064 69.9146L36.7464 69.9946C32.5964 69.3246 32.6264 65.7646 32.7964 62.3346C27.0464 61.0046 26.7764 52.7546 32.3764 50.9646C40.1164 48.4946 43.5264 60.0546 35.8164 62.3446L35.8064 62.3346ZM35.7864 59.1646C37.7664 58.0346 37.6464 54.8246 35.5564 53.8946C32.0464 52.3446 29.5064 57.2646 32.8164 59.1646C32.2664 55.7046 36.2564 55.7146 35.7864 59.1646ZM62.4864 59.1646C64.4164 58.2046 64.5864 55.4646 62.8264 54.2046C59.5064 51.8346 56.0864 56.8646 59.5164 59.1646C59.0764 55.7746 63.0964 55.6146 62.4864 59.1646Z\" fill=\"#1E1E1E\"\/>\r\n<\/svg>\n        \n        \n        \n            <\/div>\n    \n\n<div class=\"ee-iconbox-content\">\n      <p class=\"ee-iconbox-title bde-h3\" >Person\u00e1lna agenda<\/p>\n      <\/div>\n\n<\/div>\n<\/div><div class=\"bde-column-25-632 bde-column\">\n  \n  \n\t\n\n\n\n<ul class=\"bde-basic-list-25-633 bde-basic-list\">\n  <li  >    \n          Vedenie kompletnej \u2028person\u00e1lnej dokument\u00e1cie\n      <\/li>\n  <li  >    \n          Sprocesovanie prihl\u00e1\u0161ok a odhl\u00e1\u0161ok \u2028do Soci\u00e1lnej pois\u0165ovne <br>a Zdravotn\u00fdch \u2028pois\u0165ovn\u00ed\n      <\/li>\n  <li  >    \n          Pr\u00edprava pracovn\u00fdch zml\u00fav, dodatkov \u2028a spracovanie v\u00fdstupn\u00fdch dokumentov\n      <\/li>\n  <li  >    \n          Zastupovanie pri kontrol\u00e1ch zo Soci\u00e1lnej \u2028pois\u0165ovne, Zdravotn\u00fdch pois\u0165ovn\u00ed, Finan\u010dnej\u2028 spr\u00e1vy <br>a In\u0161pektor\u00e1tu pr\u00e1ce\n      <\/li>\n<\/ul>\n<\/div><\/div>\n<\/div>\n<\/div><\/div>\n<\/section><section class=\"bde-section-25-160 bde-section\">\n  \n  \n\t\n\n\n\n<div class=\"section-container\"><div class=\"bde-div-25-161 bde-div\">\n  \n  \n\t\n\n\n\n<h2 class=\"bde-heading-25-502 bde-heading\">\nPre\u010do si vybra\u0165 n\u00e1s?\n<\/h2>\n<\/div><div id=\"icon-boxeses\" class=\"bde-div-25-640 bde-div\">\n  \n  \n\t\n\n\n\n<div class=\"bde-icon-box-25-505 bde-icon-box\">\n\n    \n            <div class=\"ee-iconbox-icon breakdance-icon-atom\" >\n    \n                    <svg xmlns=\"http:\/\/www.w3.org\/2000\/svg\" viewBox=\"0 0 512 512\"><!-- Font Awesome Free 5.15.1 by @fontawesome - https:\/\/fontawesome.com License - https:\/\/fontawesome.com\/license\/free (Icons: CC BY 4.0, Fonts: SIL OFL 1.1, Code: MIT License) --><path d=\"M440.5 88.5l-52 52L415 167c9.4 9.4 9.4 24.6 0 33.9l-17.4 17.4c11.8 26.1 18.4 55.1 18.4 85.6 0 114.9-93.1 208-208 208S0 418.9 0 304 93.1 96 208 96c30.5 0 59.5 6.6 85.6 18.4L311 97c9.4-9.4 24.6-9.4 33.9 0l26.5 26.5 52-52 17.1 17zM500 60h-24c-6.6 0-12 5.4-12 12s5.4 12 12 12h24c6.6 0 12-5.4 12-12s-5.4-12-12-12zM440 0c-6.6 0-12 5.4-12 12v24c0 6.6 5.4 12 12 12s12-5.4 12-12V12c0-6.6-5.4-12-12-12zm33.9 55l17-17c4.7-4.7 4.7-12.3 0-17-4.7-4.7-12.3-4.7-17 0l-17 17c-4.7 4.7-4.7 12.3 0 17 4.8 4.7 12.4 4.7 17 0zm-67.8 0c4.7 4.7 12.3 4.7 17 0 4.7-4.7 4.7-12.3 0-17l-17-17c-4.7-4.7-12.3-4.7-17 0-4.7 4.7-4.7 12.3 0 17l17 17zm67.8 34c-4.7-4.7-12.3-4.7-17 0-4.7 4.7-4.7 12.3 0 17l17 17c4.7 4.7 12.3 4.7 17 0 4.7-4.7 4.7-12.3 0-17l-17-17zM112 272c0-35.3 28.7-64 64-64 8.8 0 16-7.2 16-16s-7.2-16-16-16c-52.9 0-96 43.1-96 96 0 8.8 7.2 16 16 16s16-7.2 16-16z\"><\/path><\/svg>\n        \n        \n        \n            <\/div>\n    \n\n<div class=\"ee-iconbox-content\">\n      <h3 class=\"ee-iconbox-title bde-h3\" >Diskr\u00e9tnos\u0165 a d\u00f4vera <\/h3>\n        <div class=\"ee-iconbox-text\" >Sprac\u00favame citliv\u00e9 \u00fadaje s maxim\u00e1lnym d\u00f4razom na ochranu a d\u00f4vernos\u0165.<\/div>\n    <\/div>\n\n<\/div><div class=\"bde-icon-box-25-506 bde-icon-box\">\n\n    \n            <div class=\"ee-iconbox-icon breakdance-icon-atom\" >\n    \n                    <svg xmlns=\"http:\/\/www.w3.org\/2000\/svg\" viewBox=\"0 0 512 512\"><!-- Font Awesome Free 5.15.1 by @fontawesome - https:\/\/fontawesome.com License - https:\/\/fontawesome.com\/license\/free (Icons: CC BY 4.0, Fonts: SIL OFL 1.1, Code: MIT License) --><path d=\"M440.5 88.5l-52 52L415 167c9.4 9.4 9.4 24.6 0 33.9l-17.4 17.4c11.8 26.1 18.4 55.1 18.4 85.6 0 114.9-93.1 208-208 208S0 418.9 0 304 93.1 96 208 96c30.5 0 59.5 6.6 85.6 18.4L311 97c9.4-9.4 24.6-9.4 33.9 0l26.5 26.5 52-52 17.1 17zM500 60h-24c-6.6 0-12 5.4-12 12s5.4 12 12 12h24c6.6 0 12-5.4 12-12s-5.4-12-12-12zM440 0c-6.6 0-12 5.4-12 12v24c0 6.6 5.4 12 12 12s12-5.4 12-12V12c0-6.6-5.4-12-12-12zm33.9 55l17-17c4.7-4.7 4.7-12.3 0-17-4.7-4.7-12.3-4.7-17 0l-17 17c-4.7 4.7-4.7 12.3 0 17 4.8 4.7 12.4 4.7 17 0zm-67.8 0c4.7 4.7 12.3 4.7 17 0 4.7-4.7 4.7-12.3 0-17l-17-17c-4.7-4.7-12.3-4.7-17 0-4.7 4.7-4.7 12.3 0 17l17 17zm67.8 34c-4.7-4.7-12.3-4.7-17 0-4.7 4.7-4.7 12.3 0 17l17 17c4.7 4.7 12.3 4.7 17 0 4.7-4.7 4.7-12.3 0-17l-17-17zM112 272c0-35.3 28.7-64 64-64 8.8 0 16-7.2 16-16s-7.2-16-16-16c-52.9 0-96 43.1-96 96 0 8.8 7.2 16 16 16s16-7.2 16-16z\"><\/path><\/svg>\n        \n        \n        \n            <\/div>\n    \n\n<div class=\"ee-iconbox-content\">\n      <h3 class=\"ee-iconbox-title bde-h3\" >Komunik\u00e1cia bez bari\u00e9r<\/h3>\n        <div class=\"ee-iconbox-text\" >Komunikujeme r\u00fdchlo, \u00fastretovo a vecne. Sme tu, ke\u010f n\u00e1s potrebujete.<\/div>\n    <\/div>\n\n<\/div><div class=\"bde-icon-box-25-638 bde-icon-box\">\n\n    \n            <div class=\"ee-iconbox-icon breakdance-icon-atom\" >\n    \n                    <svg xmlns=\"http:\/\/www.w3.org\/2000\/svg\" viewBox=\"0 0 512 512\"><!-- Font Awesome Free 5.15.1 by @fontawesome - https:\/\/fontawesome.com License - https:\/\/fontawesome.com\/license\/free (Icons: CC BY 4.0, Fonts: SIL OFL 1.1, Code: MIT License) --><path d=\"M440.5 88.5l-52 52L415 167c9.4 9.4 9.4 24.6 0 33.9l-17.4 17.4c11.8 26.1 18.4 55.1 18.4 85.6 0 114.9-93.1 208-208 208S0 418.9 0 304 93.1 96 208 96c30.5 0 59.5 6.6 85.6 18.4L311 97c9.4-9.4 24.6-9.4 33.9 0l26.5 26.5 52-52 17.1 17zM500 60h-24c-6.6 0-12 5.4-12 12s5.4 12 12 12h24c6.6 0 12-5.4 12-12s-5.4-12-12-12zM440 0c-6.6 0-12 5.4-12 12v24c0 6.6 5.4 12 12 12s12-5.4 12-12V12c0-6.6-5.4-12-12-12zm33.9 55l17-17c4.7-4.7 4.7-12.3 0-17-4.7-4.7-12.3-4.7-17 0l-17 17c-4.7 4.7-4.7 12.3 0 17 4.8 4.7 12.4 4.7 17 0zm-67.8 0c4.7 4.7 12.3 4.7 17 0 4.7-4.7 4.7-12.3 0-17l-17-17c-4.7-4.7-12.3-4.7-17 0-4.7 4.7-4.7 12.3 0 17l17 17zm67.8 34c-4.7-4.7-12.3-4.7-17 0-4.7 4.7-4.7 12.3 0 17l17 17c4.7 4.7 12.3 4.7 17 0 4.7-4.7 4.7-12.3 0-17l-17-17zM112 272c0-35.3 28.7-64 64-64 8.8 0 16-7.2 16-16s-7.2-16-16-16c-52.9 0-96 43.1-96 96 0 8.8 7.2 16 16 16s16-7.2 16-16z\"><\/path><\/svg>\n        \n        \n        \n            <\/div>\n    \n\n<div class=\"ee-iconbox-content\">\n      <h3 class=\"ee-iconbox-title bde-h3\" >Legislat\u00edvna istota<\/h3>\n        <div class=\"ee-iconbox-text\" >Neust\u00e1le sledujeme zmeny v z\u00e1konoch, aby na\u0161e slu\u017eby boli v\u017edy v s\u00falade s aktu\u00e1lnou legislat\u00edvou.<\/div>\n    <\/div>\n\n<\/div><div class=\"bde-icon-box-25-639 bde-icon-box\">\n\n    \n            <div class=\"ee-iconbox-icon breakdance-icon-atom\" >\n    \n                    <svg xmlns=\"http:\/\/www.w3.org\/2000\/svg\" viewBox=\"0 0 512 512\"><!-- Font Awesome Free 5.15.1 by @fontawesome - https:\/\/fontawesome.com License - https:\/\/fontawesome.com\/license\/free (Icons: CC BY 4.0, Fonts: SIL OFL 1.1, Code: MIT License) --><path d=\"M440.5 88.5l-52 52L415 167c9.4 9.4 9.4 24.6 0 33.9l-17.4 17.4c11.8 26.1 18.4 55.1 18.4 85.6 0 114.9-93.1 208-208 208S0 418.9 0 304 93.1 96 208 96c30.5 0 59.5 6.6 85.6 18.4L311 97c9.4-9.4 24.6-9.4 33.9 0l26.5 26.5 52-52 17.1 17zM500 60h-24c-6.6 0-12 5.4-12 12s5.4 12 12 12h24c6.6 0 12-5.4 12-12s-5.4-12-12-12zM440 0c-6.6 0-12 5.4-12 12v24c0 6.6 5.4 12 12 12s12-5.4 12-12V12c0-6.6-5.4-12-12-12zm33.9 55l17-17c4.7-4.7 4.7-12.3 0-17-4.7-4.7-12.3-4.7-17 0l-17 17c-4.7 4.7-4.7 12.3 0 17 4.8 4.7 12.4 4.7 17 0zm-67.8 0c4.7 4.7 12.3 4.7 17 0 4.7-4.7 4.7-12.3 0-17l-17-17c-4.7-4.7-12.3-4.7-17 0-4.7 4.7-4.7 12.3 0 17l17 17zm67.8 34c-4.7-4.7-12.3-4.7-17 0-4.7 4.7-4.7 12.3 0 17l17 17c4.7 4.7 12.3 4.7 17 0 4.7-4.7 4.7-12.3 0-17l-17-17zM112 272c0-35.3 28.7-64 64-64 8.8 0 16-7.2 16-16s-7.2-16-16-16c-52.9 0-96 43.1-96 96 0 8.8 7.2 16 16 16s16-7.2 16-16z\"><\/path><\/svg>\n        \n        \n        \n            <\/div>\n    \n\n<div class=\"ee-iconbox-content\">\n      <h3 class=\"ee-iconbox-title bde-h3\" >Individu\u00e1lny pr\u00edstup<\/h3>\n        <div class=\"ee-iconbox-text\" >Ka\u017ed\u00fd klient je pre n\u00e1s partner. Pracujeme flexibilne, pod\u013ea potrieb va\u0161ej firmy.<\/div>\n    <\/div>\n\n<\/div>\n<\/div><\/div>\n<\/section><section class=\"bde-section-25-619 bde-section\">\n  \n  \n\t\n\n\n\n<div class=\"section-container\"><h2 class=\"bde-dual-heading-25-618 bde-dual-heading\">\n\n\n            <span data-style=\"primary\" class=\"dual-heading--primary  \">Na\u0161i dlhoro\u010dn\u00ed klienti<\/span>\n\n\n\n<\/h2><div class=\"bde-logo-list-25-641 bde-logo-list gradient-overlay__both un-static-image-grid\">\n\n                    <div class=\"un-logo-bar__logo-wrapper\">\n          <img decoding=\"async\" class=\"breakdance-image-object\" src=\"https:\/\/abecon.sk\/wp-content\/uploads\/2025\/10\/galileo.svg\" width=\"\" height=\"\">\n        <\/div>\n                          <div class=\"un-logo-bar__logo-wrapper\">\n          <img loading=\"lazy\" decoding=\"async\" class=\"breakdance-image-object\" src=\"https:\/\/abecon.sk\/wp-content\/uploads\/2025\/10\/termostav.png\" width=\"232\" height=\"150\" sizes=\"auto, (max-width: 232px) 100vw, 232px\">\n        <\/div>\n                          <div class=\"un-logo-bar__logo-wrapper\">\n          <img decoding=\"async\" class=\"breakdance-image-object\" src=\"https:\/\/abecon.sk\/wp-content\/uploads\/2025\/10\/BTK_Logo-1.svg\" width=\"\" height=\"\">\n        <\/div>\n                          <div class=\"un-logo-bar__logo-wrapper\">\n          <img decoding=\"async\" class=\"breakdance-image-object\" src=\"https:\/\/abecon.sk\/wp-content\/uploads\/2025\/10\/Ponton_logo-1.svg\" width=\"\" height=\"\">\n        <\/div>\n                          <div class=\"un-logo-bar__logo-wrapper\">\n          <img decoding=\"async\" class=\"breakdance-image-object\" src=\"https:\/\/abecon.sk\/wp-content\/uploads\/2025\/10\/apartim-logo.svg\" width=\"\" height=\"\">\n        <\/div>\n                          <div class=\"un-logo-bar__logo-wrapper\">\n          <img decoding=\"async\" class=\"breakdance-image-object\" src=\"https:\/\/abecon.sk\/wp-content\/uploads\/2025\/10\/HotelHubert_logo.svg\" width=\"\" height=\"\">\n        <\/div>\n                          <div class=\"un-logo-bar__logo-wrapper\">\n          <img decoding=\"async\" class=\"breakdance-image-object\" src=\"https:\/\/abecon.sk\/wp-content\/uploads\/2025\/10\/Siesta_logo.svg\" width=\"\" height=\"\">\n        <\/div>\n                <\/div><\/div>\n<\/section><section id=\"kontakt\" class=\"bde-section-25-509 bde-section\">\n  \n  \n\t\n\n\n\n<div class=\"section-container\"><div class=\"bde-columns-25-646 bde-columns\"><div class=\"bde-column-25-647 bde-column\">\n  \n  \n\t\n\n\n\n<h2 class=\"bde-dual-heading-25-649 bde-dual-heading\">\n\n\n            <span data-style=\"primary\" class=\"dual-heading--primary  \">Kontaktujte n\u00e1s<\/span>\n\n\n\n<\/h2><div class=\"bde-text-25-650 bde-text\">\nRadi v\u00e1m priprav\u00edme\u00a0nez\u00e1v\u00e4zn\u00fa cenov\u00fa ponuku <br>na mieru pod\u013ea ve\u013ekosti a potrieb va\u0161ej spolo\u010dnosti\n<\/div>\n<\/div><div class=\"bde-column-25-648 bde-column\">\n  \n  \n\t\n\n\n\n<div class=\"bde-div-25-600 bde-div\">\n  \n  \n\t\n\n\n\n<a class=\"bde-container-link-25-599 bde-container-link breakdance-link\" href=\"mailto:abecon@abecon.sk?subject=Dopyt zo str\u00e1nky abecon.sk&amp;body=Dobr\u00fd de\u0148,&lt;br&gt;&lt;br&gt;p\u00ed\u0161em V\u00e1m zo str\u00e1nky abecon.sk, &lt;br&gt;&lt;br&gt;\" target=\"_self\" data-type=\"contact\">\n  \n  \n\t\n\n\n\n<div class=\"bde-icon-box-25-513 bde-icon-box\">\n\n    \n            <div class=\"ee-iconbox-icon breakdance-icon-atom\" >\n    \n                    <svg width=\"24\" height=\"24\" viewBox=\"0 0 24 24\" fill=\"none\" xmlns=\"http:\/\/www.w3.org\/2000\/svg\">\r\n<g clip-path=\"url(#clip0_28_134)\">\r\n<g clip-path=\"url(#clip1_28_134)\">\r\n<path d=\"M9 9L13.5 12L18 9\" stroke=\"#C35B70\" stroke-width=\"1.5\" stroke-linecap=\"round\" stroke-linejoin=\"round\"\/>\r\n<path d=\"M3 13.5H5\" stroke=\"#C35B70\" stroke-width=\"1.5\" stroke-linecap=\"round\" stroke-linejoin=\"round\"\/>\r\n<path d=\"M1 10.5H5\" stroke=\"#C35B70\" stroke-width=\"1.5\" stroke-linecap=\"round\" stroke-linejoin=\"round\"\/>\r\n<path d=\"M5 7.5V7C5 5.89543 5.89543 5 7 5H20C21.1046 5 22 5.89543 22 7V17C22 18.1046 21.1046 19 20 19H7C5.89543 19 5 18.1046 5 17V16.5\" stroke=\"#C35B70\" stroke-width=\"1.5\" stroke-linecap=\"round\"\/>\r\n<\/g>\r\n<\/g>\r\n<defs>\r\n<clipPath id=\"clip0_28_134\">\r\n<rect width=\"24\" height=\"24\" fill=\"white\"\/>\r\n<\/clipPath>\r\n<clipPath id=\"clip1_28_134\">\r\n<rect width=\"24\" height=\"24\" fill=\"white\"\/>\r\n<\/clipPath>\r\n<\/defs>\r\n<\/svg>\n        \n        \n        \n            <\/div>\n    \n\n<div class=\"ee-iconbox-content\">\n        <div class=\"ee-iconbox-text\" >abecon@abecon.sk<\/div>\n    <\/div>\n\n<\/div>\n\n<\/a><a class=\"bde-container-link-25-598 bde-container-link breakdance-link\" href=\"tel:+421911265832\" target=\"_self\" data-type=\"contact\">\n  \n  \n\t\n\n\n\n<div class=\"bde-icon-box-25-512 bde-icon-box\">\n\n    \n            <div class=\"ee-iconbox-icon breakdance-icon-atom\" >\n    \n                    <svg width=\"24\" height=\"24\" viewBox=\"0 0 24 24\" fill=\"none\" xmlns=\"http:\/\/www.w3.org\/2000\/svg\">\r\n<g clip-path=\"url(#clip0_28_144)\">\r\n<g clip-path=\"url(#clip1_28_144)\">\r\n<path d=\"M18.1186 14.702L14.0003 15.5C11.2186 14.1038 9.50032 12.5 8.50032 10L9.27027 5.8699L7.81484 2H4.06392C2.93637 2 2.04846 2.93178 2.21686 4.04668C2.63727 6.83 3.87685 11.8765 7.50032 15.5C11.3055 19.3052 16.7861 20.9564 19.8023 21.6127C20.9671 21.8662 22.0003 20.9575 22.0003 19.7655V16.1812L18.1186 14.702Z\" stroke=\"#C35B70\" stroke-width=\"1.5\" stroke-linecap=\"round\" stroke-linejoin=\"round\"\/>\r\n<\/g>\r\n<\/g>\r\n<defs>\r\n<clipPath id=\"clip0_28_144\">\r\n<rect width=\"24\" height=\"24\" fill=\"white\"\/>\r\n<\/clipPath>\r\n<clipPath id=\"clip1_28_144\">\r\n<rect width=\"24\" height=\"24\" fill=\"white\"\/>\r\n<\/clipPath>\r\n<\/defs>\r\n<\/svg>\n        \n        \n        \n            <\/div>\n    \n\n<div class=\"ee-iconbox-content\">\n        <div class=\"ee-iconbox-text\" >0911 265 832<\/div>\n    <\/div>\n\n<\/div>\n\n<\/a><a class=\"bde-container-link-25-597 bde-container-link breakdance-link\" href=\"https:\/\/maps.app.goo.gl\/y38JCmhxh7SWLC8HA\" target=\"_blank\" data-type=\"url\">\n  \n  \n\t\n\n\n\n<div class=\"bde-icon-box-25-511 bde-icon-box\">\n\n    \n            <div class=\"ee-iconbox-icon breakdance-icon-atom\" >\n    \n                    <svg width=\"24\" height=\"24\" viewBox=\"0 0 24 24\" fill=\"none\" xmlns=\"http:\/\/www.w3.org\/2000\/svg\">\r\n<g clip-path=\"url(#clip0_28_151)\">\r\n<g clip-path=\"url(#clip1_28_151)\">\r\n<path d=\"M20 10C20 14.4183 12 22 12 22C12 22 4 14.4183 4 10C4 5.58172 7.58172 2 12 2C16.4183 2 20 5.58172 20 10Z\" stroke=\"#C35B70\" stroke-width=\"1.5\"\/>\r\n<path d=\"M12 11C12.5523 11 13 10.5523 13 10C13 9.44772 12.5523 9 12 9C11.4477 9 11 9.44772 11 10C11 10.5523 11.4477 11 12 11Z\" fill=\"#C35B70\" stroke=\"#C35B70\" stroke-width=\"1.5\" stroke-linecap=\"round\" stroke-linejoin=\"round\"\/>\r\n<\/g>\r\n<\/g>\r\n<defs>\r\n<clipPath id=\"clip0_28_151\">\r\n<rect width=\"24\" height=\"24\" fill=\"white\"\/>\r\n<\/clipPath>\r\n<clipPath id=\"clip1_28_151\">\r\n<rect width=\"24\" height=\"24\" fill=\"white\"\/>\r\n<\/clipPath>\r\n<\/defs>\r\n<\/svg>\n        \n        \n        \n            <\/div>\n    \n\n<div class=\"ee-iconbox-content\">\n        <div class=\"ee-iconbox-text\" >29. augusta, 900 46 Most pri Bratislave<\/div>\n    <\/div>\n\n<\/div>\n\n<\/a>\n<\/div>\n<\/div><\/div><\/div>\n<\/section>","protected":false},"excerpt":{"rendered":"<p>Spo\u013eahliv\u00fd partnerpre firmy v mzdovom\u00fa\u010dtovn\u00edctve a personalistike Sk\u00fasenosti, na ktor\u00e9 sa firmy spoliehaj\u00fau\u017e viac ako 25 rokov. Na\u0161e slu\u017eby Mzdov\u00e9 \u00fa\u010dtovn\u00edctvo Kompletn\u00e9 spracovanie miezd pre v\u0161etky \u2028typy pracovnopr\u00e1vnych pomerov V\u00fdpo\u010det odvodov poistn\u00e9ho, dan\u00ed, \u2028pr\u00edplatkov, n\u00e1hrad a bonusov Elektronick\u00e1 komunik\u00e1cia so Soci\u00e1lnou \u2028pois\u0165ov\u0148ou, Zdravotn\u00fdmi pois\u0165ov\u0148ami \u2028a Finan\u010dnou spr\u00e1vou V\u00fdstupy pre \u00fa\u010dtovn\u00edctvo \u2028a mana\u017ement, reporting Ro\u010dn\u00e9 z\u00fa\u010dtovanie [&hellip;]<\/p>\n","protected":false},"author":1,"featured_media":0,"parent":0,"menu_order":0,"comment_status":"closed","ping_status":"closed","template":"","meta":{"_breakdance_hide_in_design_set":false,"_breakdance_tags":"","footnotes":""},"class_list":["post-25","page","type-page","status-publish","hentry"],"_links":{"self":[{"href":"https:\/\/abecon.sk\/index.php?rest_route=\/wp\/v2\/pages\/25","targetHints":{"allow":["GET"]}}],"collection":[{"href":"https:\/\/abecon.sk\/index.php?rest_route=\/wp\/v2\/pages"}],"about":[{"href":"https:\/\/abecon.sk\/index.php?rest_route=\/wp\/v2\/types\/page"}],"author":[{"embeddable":true,"href":"https:\/\/abecon.sk\/index.php?rest_route=\/wp\/v2\/users\/1"}],"replies":[{"embeddable":true,"href":"https:\/\/abecon.sk\/index.php?rest_route=%2Fwp%2Fv2%2Fcomments&post=25"}],"version-history":[{"count":151,"href":"https:\/\/abecon.sk\/index.php?rest_route=\/wp\/v2\/pages\/25\/revisions"}],"predecessor-version":[{"id":335,"href":"https:\/\/abecon.sk\/index.php?rest_route=\/wp\/v2\/pages\/25\/revisions\/335"}],"wp:attachment":[{"href":"https:\/\/abecon.sk\/index.php?rest_route=%2Fwp%2Fv2%2Fmedia&parent=25"}],"curies":[{"name":"wp","href":"https:\/\/api.w.org\/{rel}","templated":true}]}}